{"id":66,"date":"2023-01-17T20:41:08","date_gmt":"2023-01-18T01:41:08","guid":{"rendered":"http:\/\/localhost\/wordpress\/?post_type=product&#038;p=66"},"modified":"2023-04-13T11:49:58","modified_gmt":"2023-04-13T16:49:58","slug":"locero-vajillero-escurridor-inoxidable-para-cocina-70-cm","status":"publish","type":"product","link":"https:\/\/ecommerce.sys-group.net\/wordpress\/producto\/locero-vajillero-escurridor-inoxidable-para-cocina-70-cm\/","title":{"rendered":"Escurridor  Locero Vajillero Para Cocina Inoxidable  90 Cm"},"content":{"rendered":"<p>Locero Vajillero Escurridor para platos en Acero Inoxidable Para Cocina modulo de 70<\/p>\n<p>-Medidas de instalaci\u00f3n : Tengas en cuenta que el locero tiene una medida total de 70 cm , sin embargo los pines tienen que ir incrustados en los costados de la madera , es decir que internamente en el caj\u00f3n se debe tener en cuenta estas medias de instalaci\u00f3n :<\/p>\n<p>Ancho : 68 cm m\u00e1ximo , 65 cm m\u00ednimo<\/p>\n<p>&#8211; Profundidad : Entre 25 cm a 30 cm<br \/>\nEl pocillero con bandeja escurridora tiene una medida de 25 cm profundidad, el mueble debe tener de profundo m\u00ednimo 26 cm , sin embargo si tiene una mayor profundidad le recomendamos para el platero ( parte superior) tener un plato de su vajilla como base para determinar el ajuste adecuado a su necesidad.( puede variar ancho mencionado la recomendaci\u00f3n anterior)<\/p>\n<p>Perforaci\u00f3n de pines : Requiere una broca de 3\/8&#8243;<\/p>\n<p>-Material : Acero inoxidable 304 y recubrimiento de esquinas en pvc color negro .<br \/>\n-Suministros : La unidad de empaque de este producto es de 1 juego ( 1 platero , 1 vajillero y 1 bandeja escurridora)<br \/>\n-Color : Cromado<br \/>\n-Aplicaci\u00f3n : Cocina , organizador de pocillos, tazas, platos.<\/p>\n<p>* Atenderemos sus preguntas e inquietudes en nuestro horario de oficina.<br \/>\n* El precio y Unidades de empaque de publicaci\u00f3n son fijos<br \/>\n* Dia de entrega de 2 a 8 d\u00edas h\u00e1biles. esto depende de su ubicaci\u00f3n.<br \/>\n* El valor del Envi\u00f3 no viene incluido.<br \/>\n* Se vende solo el herraje, no incluye muebles, broca ni elementos decorativos.<\/p>\n","protected":false},"excerpt":{"rendered":"<p>Locero Vajillero Escurridor para platos en Acero Inoxidable Para Cocina modulo de 70 -Medidas de instalaci\u00f3n : Tengas en cuenta que el locero tiene una medida total de 70 cm , sin embargo los pines tienen que ir incrustados en los costados de la madera , es decir que internamente en el caj\u00f3n se debe &hellip;<\/p>\n<p class=\"read-more\"> <a class=\"\" href=\"https:\/\/ecommerce.sys-group.net\/wordpress\/producto\/locero-vajillero-escurridor-inoxidable-para-cocina-70-cm\/\"> <span class=\"screen-reader-text\">Escurridor  Locero Vajillero Para Cocina Inoxidable  90 Cm<\/span> Leer m\u00e1s &raquo;<\/a><\/p>\n","protected":false},"featured_media":70,"comment_status":"open","ping_status":"closed","template":"","meta":{"site-sidebar-layout":"default","site-content-layout":"default","ast-global-header-display":"","ast-main-header-display":"","ast-hfb-above-header-display":"","ast-hfb-below-header-display":"","ast-hfb-mobile-header-display":"","site-post-title":"","ast-breadcrumbs-content":"","ast-featured-img":"","footer-sml-layout":"","theme-transparent-header-meta":"default","adv-header-id-meta":"","stick-header-meta":"","header-above-stick-meta":"","header-main-stick-meta":"","header-below-stick-meta":""},"product_brand":[],"product_cat":[28],"product_tag":[],"class_list":{"0":"post-66","1":"product","2":"type-product","3":"status-publish","4":"has-post-thumbnail","6":"product_cat-organizadores-de-cocina","7":"desktop-align-left","8":"tablet-align-left","9":"mobile-align-left","11":"first","12":"instock","13":"shipping-taxable","14":"purchasable","15":"product-type-simple"},"_links":{"self":[{"href":"https:\/\/ecommerce.sys-group.net\/wordpress\/wp-json\/wp\/v2\/product\/66","targetHints":{"allow":["GET"]}}],"collection":[{"href":"https:\/\/ecommerce.sys-group.net\/wordpress\/wp-json\/wp\/v2\/product"}],"about":[{"href":"https:\/\/ecommerce.sys-group.net\/wordpress\/wp-json\/wp\/v2\/types\/product"}],"replies":[{"embeddable":true,"href":"https:\/\/ecommerce.sys-group.net\/wordpress\/wp-json\/wp\/v2\/comments?post=66"}],"wp:featuredmedia":[{"embeddable":true,"href":"https:\/\/ecommerce.sys-group.net\/wordpress\/wp-json\/wp\/v2\/media\/70"}],"wp:attachment":[{"href":"https:\/\/ecommerce.sys-group.net\/wordpress\/wp-json\/wp\/v2\/media?parent=66"}],"wp:term":[{"taxonomy":"product_brand","embeddable":true,"href":"https:\/\/ecommerce.sys-group.net\/wordpress\/wp-json\/wp\/v2\/product_brand?post=66"},{"taxonomy":"product_cat","embeddable":true,"href":"https:\/\/ecommerce.sys-group.net\/wordpress\/wp-json\/wp\/v2\/product_cat?post=66"},{"taxonomy":"product_tag","embeddable":true,"href":"https:\/\/ecommerce.sys-group.net\/wordpress\/wp-json\/wp\/v2\/product_tag?post=66"}],"curies":[{"name":"wp","href":"https:\/\/api.w.org\/{rel}","templated":true}]}}