{"id":140,"date":"2023-01-31T09:25:05","date_gmt":"2023-01-31T14:25:05","guid":{"rendered":"https:\/\/ecommerce.sys-group.net\/wordpress\/?post_type=product&#038;p=140"},"modified":"2023-02-06T15:32:09","modified_gmt":"2023-02-06T20:32:09","slug":"porta-sartenes-vertical-cromado-2","status":"publish","type":"product","link":"https:\/\/ecommerce.sys-group.net\/wordpress\/producto\/porta-sartenes-vertical-cromado-2\/","title":{"rendered":"Porta Sartenes Vertical Cromado"},"content":{"rendered":"<p>Porta sartenes vertical<\/p>\n<p>Referencia 3840<\/p>\n<p>Ahora tus sartenes tendr\u00e1n un sitio m\u00e1s c\u00f3modo y funcional con el porta sartenes vertical con capacidad para 5 sartenes, para que los mantengas en buen estado y en un lugar de f\u00e1cil acceso y manipulaci\u00f3n.<\/p>\n<p>Descripci\u00f3n t\u00e9cnica Porta sartenes vertical con capacidad para cinco sartenes. No requiere herramientas para su instalaci\u00f3n.<br \/>\nColor Blanco<br \/>\nMaterial \/ Acabado Acero plastificado<br \/>\nTama\u00f1o Frente: 30.5 cm | Profundidad: 30 cm | Altura: 30 cm<\/p>\n<p>VENTAJAS:<br \/>\nPermite tener los sartenes de manera ordenada y a la mano.<br \/>\nEvita rayones y golpes<br \/>\nResistente a la humedad<br \/>\nPr\u00e1ctico y funcional<\/p>\n<p>El tiempo de Garant\u00eda es de 1 a\u00f1o<br \/>\nCUBRE: Defectos de fabricaci\u00f3n.<br \/>\nNO CUBRE: Mala manipulaci\u00f3n del producto.<br \/>\nEl cliente tiene 3 d\u00edas h\u00e1biles cuando reciba el pedido para notificar faltantes y mercanc\u00eda averiada.<\/p>\n<p>* Atenderemos sus preguntas e inquietudes en nuestro horario de oficina.<br \/>\n* El precio y Unidades de empaque de publicaci\u00f3n son fijos<br \/>\n* Dia de entrega de 2 a 8 d\u00edas h\u00e1biles. esto depende de su ubicaci\u00f3n.<br \/>\n*El valor del Envi\u00f3 no viene incluido.<br \/>\n* Se vende solo el herraje, no incluye mueble ni elementos decorativos.<\/p>\n","protected":false},"excerpt":{"rendered":"<p>Porta sartenes vertical Referencia 3840 Ahora tus sartenes tendr\u00e1n un sitio m\u00e1s c\u00f3modo y funcional con el porta sartenes vertical con capacidad para 5 sartenes, para que los mantengas en buen estado y en un lugar de f\u00e1cil acceso y manipulaci\u00f3n. Descripci\u00f3n t\u00e9cnica Porta sartenes vertical con capacidad para cinco sartenes. No requiere herramientas para &hellip;<\/p>\n<p class=\"read-more\"> <a class=\"\" href=\"https:\/\/ecommerce.sys-group.net\/wordpress\/producto\/porta-sartenes-vertical-cromado-2\/\"> <span class=\"screen-reader-text\">Porta Sartenes Vertical Cromado<\/span> Leer m\u00e1s &raquo;<\/a><\/p>\n","protected":false},"featured_media":118,"comment_status":"open","ping_status":"closed","template":"","meta":{"site-sidebar-layout":"default","site-content-layout":"default","ast-global-header-display":"","ast-main-header-display":"","ast-hfb-above-header-display":"","ast-hfb-below-header-display":"","ast-hfb-mobile-header-display":"","site-post-title":"","ast-breadcrumbs-content":"","ast-featured-img":"","footer-sml-layout":"","theme-transparent-header-meta":"","adv-header-id-meta":"","stick-header-meta":"","header-above-stick-meta":"","header-main-stick-meta":"","header-below-stick-meta":""},"product_brand":[],"product_cat":[25],"product_tag":[],"class_list":{"0":"post-140","1":"product","2":"type-product","3":"status-publish","4":"has-post-thumbnail","6":"product_cat-sin-categorizar","7":"desktop-align-left","8":"tablet-align-left","9":"mobile-align-left","11":"first","12":"instock","13":"shipping-taxable","14":"purchasable","15":"product-type-simple"},"_links":{"self":[{"href":"https:\/\/ecommerce.sys-group.net\/wordpress\/wp-json\/wp\/v2\/product\/140","targetHints":{"allow":["GET"]}}],"collection":[{"href":"https:\/\/ecommerce.sys-group.net\/wordpress\/wp-json\/wp\/v2\/product"}],"about":[{"href":"https:\/\/ecommerce.sys-group.net\/wordpress\/wp-json\/wp\/v2\/types\/product"}],"replies":[{"embeddable":true,"href":"https:\/\/ecommerce.sys-group.net\/wordpress\/wp-json\/wp\/v2\/comments?post=140"}],"wp:featuredmedia":[{"embeddable":true,"href":"https:\/\/ecommerce.sys-group.net\/wordpress\/wp-json\/wp\/v2\/media\/118"}],"wp:attachment":[{"href":"https:\/\/ecommerce.sys-group.net\/wordpress\/wp-json\/wp\/v2\/media?parent=140"}],"wp:term":[{"taxonomy":"product_brand","embeddable":true,"href":"https:\/\/ecommerce.sys-group.net\/wordpress\/wp-json\/wp\/v2\/product_brand?post=140"},{"taxonomy":"product_cat","embeddable":true,"href":"https:\/\/ecommerce.sys-group.net\/wordpress\/wp-json\/wp\/v2\/product_cat?post=140"},{"taxonomy":"product_tag","embeddable":true,"href":"https:\/\/ecommerce.sys-group.net\/wordpress\/wp-json\/wp\/v2\/product_tag?post=140"}],"curies":[{"name":"wp","href":"https:\/\/api.w.org\/{rel}","templated":true}]}}