{"id":109,"date":"2023-01-30T16:25:39","date_gmt":"2023-01-30T21:25:39","guid":{"rendered":"https:\/\/dowesoft.com\/wordpress\/?post_type=product&#038;p=109"},"modified":"2023-04-13T11:53:33","modified_gmt":"2023-04-13T16:53:33","slug":"locero-expandible-plastificado-metalizado","status":"publish","type":"product","link":"https:\/\/ecommerce.sys-group.net\/wordpress\/producto\/locero-expandible-plastificado-metalizado\/","title":{"rendered":"Plastificado Locero para fregadero"},"content":{"rendered":"<p>El locero expandible, posee un dise\u00f1o que le permite adaptarse a diferentes tipos de pozuelos, para que tu vajilla pueda escurrir con facilidad el exceso de agua.<\/p>\n<p>Adem\u00e1s tambi\u00e9n puedes utilizarlo como locero para almacenar tu vajilla. Optimiza el espacio en tu cocina, es ventilado, resistente a la humedad y est\u00e1 fabricado en acero plastificado.<\/p>\n<p>Es f\u00e1cil de usar y su sistema de rejillas es ideal para mantener tu vajilla ventilada y libre de presencia de plagas.<\/p>\n<p>Dimensiones<\/p>\n<p>Frente: expandible de 42 cm a 65 cm<br \/>\nProfundidad: 29 cm<br \/>\nAltura: 12.5 cm<\/p>\n<p>Ventajas:<\/p>\n<p>\u00datil<br \/>\nPr\u00e1ctico<br \/>\nResistente a la humedad<br \/>\nSe ajusta f\u00e1cilmente al espacio<br \/>\nOrganizador de cocina<br \/>\nMultifuncional<br \/>\nDise\u00f1o moderno y decorativo<br \/>\nResistente a la humedad<br \/>\nVentilado<br \/>\nInmune a Plagas<br \/>\nNo retiene malos olores<br \/>\nCon bandeja<\/p>\n<p>Usos:<\/p>\n<p>Locero<br \/>\nEscurridor<br \/>\nVajillero<br \/>\nEscurridor de loza<\/p>\n<p>El tiempo de Garant\u00eda es de 6 meses<br \/>\nCUBRE: Defectos de fabricaci\u00f3n.<br \/>\nNO CUBRE: Mala manipulaci\u00f3n del producto.<br \/>\nEl cliente tiene 3 d\u00edas h\u00e1biles cuando reciba el pedido para notificar faltantes y mercanc\u00eda averiada.<\/p>\n<p>* Atenderemos sus preguntas e inquietudes en nuestro horario de oficina.<\/p>\n<p>* El precio y Unidades de empaque de publicaci\u00f3n son fijos<\/p>\n<p>* Dia de entrega de 2 a 8 d\u00edas h\u00e1biles. esto depende de su ubicaci\u00f3n.<\/p>\n<p>*El valor del Envi\u00f3 no viene incluido.<\/p>\n<p>* Se vende solo el herraje, no incluye mueble ni elementos decorativos.<\/p>\n","protected":false},"excerpt":{"rendered":"<p>El locero expandible, posee un dise\u00f1o que le permite adaptarse a diferentes tipos de pozuelos, para que tu vajilla pueda escurrir con facilidad el exceso de agua. Adem\u00e1s tambi\u00e9n puedes utilizarlo como locero para almacenar tu vajilla. Optimiza el espacio en tu cocina, es ventilado, resistente a la humedad y est\u00e1 fabricado en acero plastificado. &hellip;<\/p>\n<p class=\"read-more\"> <a class=\"\" href=\"https:\/\/ecommerce.sys-group.net\/wordpress\/producto\/locero-expandible-plastificado-metalizado\/\"> <span class=\"screen-reader-text\">Plastificado Locero para fregadero<\/span> Leer m\u00e1s &raquo;<\/a><\/p>\n","protected":false},"featured_media":113,"comment_status":"open","ping_status":"closed","template":"","meta":{"site-sidebar-layout":"default","site-content-layout":"default","ast-global-header-display":"","ast-main-header-display":"","ast-hfb-above-header-display":"","ast-hfb-below-header-display":"","ast-hfb-mobile-header-display":"","site-post-title":"","ast-breadcrumbs-content":"","ast-featured-img":"","footer-sml-layout":"","theme-transparent-header-meta":"default","adv-header-id-meta":"","stick-header-meta":"","header-above-stick-meta":"","header-main-stick-meta":"","header-below-stick-meta":""},"product_brand":[],"product_cat":[25],"product_tag":[],"class_list":{"0":"post-109","1":"product","2":"type-product","3":"status-publish","4":"has-post-thumbnail","6":"product_cat-sin-categorizar","7":"desktop-align-left","8":"tablet-align-left","9":"mobile-align-left","11":"first","12":"instock","13":"shipping-taxable","14":"purchasable","15":"product-type-simple"},"_links":{"self":[{"href":"https:\/\/ecommerce.sys-group.net\/wordpress\/wp-json\/wp\/v2\/product\/109","targetHints":{"allow":["GET"]}}],"collection":[{"href":"https:\/\/ecommerce.sys-group.net\/wordpress\/wp-json\/wp\/v2\/product"}],"about":[{"href":"https:\/\/ecommerce.sys-group.net\/wordpress\/wp-json\/wp\/v2\/types\/product"}],"replies":[{"embeddable":true,"href":"https:\/\/ecommerce.sys-group.net\/wordpress\/wp-json\/wp\/v2\/comments?post=109"}],"wp:featuredmedia":[{"embeddable":true,"href":"https:\/\/ecommerce.sys-group.net\/wordpress\/wp-json\/wp\/v2\/media\/113"}],"wp:attachment":[{"href":"https:\/\/ecommerce.sys-group.net\/wordpress\/wp-json\/wp\/v2\/media?parent=109"}],"wp:term":[{"taxonomy":"product_brand","embeddable":true,"href":"https:\/\/ecommerce.sys-group.net\/wordpress\/wp-json\/wp\/v2\/product_brand?post=109"},{"taxonomy":"product_cat","embeddable":true,"href":"https:\/\/ecommerce.sys-group.net\/wordpress\/wp-json\/wp\/v2\/product_cat?post=109"},{"taxonomy":"product_tag","embeddable":true,"href":"https:\/\/ecommerce.sys-group.net\/wordpress\/wp-json\/wp\/v2\/product_tag?post=109"}],"curies":[{"name":"wp","href":"https:\/\/api.w.org\/{rel}","templated":true}]}}